{"id":3,"date":"2022-10-20T15:35:33","date_gmt":"2022-10-20T15:35:33","guid":{"rendered":"http:\/\/alianzaimporters.com\/?page_id=3"},"modified":"2022-10-24T23:53:26","modified_gmt":"2022-10-24T23:53:26","slug":"privacy-policy","status":"publish","type":"page","link":"https:\/\/alianzaimporters.com\/es\/privacy-policy\/","title":{"rendered":"Pol\u00edtica de Privacidad"},"content":{"rendered":"<p>Alianza Importers, con domicilio en 84 NE 410 Loop Suite 291 San Antonio, TX 78216, y de conformidad con lo se\u00f1alado en el art\u00edculo 6, letra A, fracciones II y III de la Constituci\u00f3n Pol\u00edtica de los Estados Unidos Mexicanos, reconoce y privilegia la privacidad y confidencialidad de cualquier informaci\u00f3n ya sea de manera temporal o definitiva, incluyendo cualquier dato o informaci\u00f3n personal obtenida con la finalidad de realizar el registro en la plataforma electr\u00f3nica para ofertar bienes y servicios.<\/p>\n\n\n\n<p>Reconocemos que toda informaci\u00f3n personal que se encuentra en nuestro poder ha sido proporcionada de manera libre y voluntaria por sus titulares y\/o ha  sido  adquirida  de  forma  leg\u00edtima a  trav\u00e9s  de  medios legales id\u00f3neos bajo el principio de privacidad y confidencialidad de la informaci\u00f3n, con el objeto de  garantizar la seguridad y protecci\u00f3n de la misma y de sus titulares.&nbsp;<\/p>\n\n\n\n<p>La informaci\u00f3n personal, incluso la patrimonial o sensible, est\u00e1 constituida por datos que pueden ser utilizados exclusivamente para identificar o contactar a una sola persona. Se puede solicitar informaci\u00f3n personal en cualquier momento cuando te contactes con Alianza Importers o una compa\u00f1\u00eda afiliada.&nbsp;<\/p>\n\n\n\n<p>Alianza Importers y sus afiliados pueden compartir informaci\u00f3n personal entre ellas y utilizarla en virtud del presente Aviso de Privacidad. As\u00ed mismo podr\u00e1n combinarla con otra informaci\u00f3n para proporcionar y mejorar nuestros productos, servicios, contenidos y publicidad.<\/p>\n\n\n\n<p>Mantendremos pol\u00edticas, medidas de seguridad f\u00edsica, electr\u00f3nica y de procedimientos para proteger la confidencialidad de la informaci\u00f3n que obtenemos sobre nuestros clientes y aquellos que utilizan y visitan nuestro sitio Web.&nbsp;&nbsp;<\/p>\n\n\n\n<p>A continuaci\u00f3n incluimos algunos ejemplos de informaci\u00f3n personal y c\u00f3mo podemos utilizarla. Estos ejemplos son meramente ilustrativos y no deben considerarse como una descripci\u00f3n exhaustiva de nuestras pr\u00e1cticas de recopilaci\u00f3n y divulgaci\u00f3n de informaci\u00f3n.<\/p>\n\n\n\n<p>\u00bfQu\u00e9 informaci\u00f3n recolectamos?<\/p>\n\n\n\n<p>Cuando se visita el sitio alianzaimporters.com en internet y se accede al apartado denominado \u201cContacto\u201d, podemos recopilar diferente informaci\u00f3n, incluidos su nombre, n\u00famero de tel\u00e9fono, y cuenta de correo electr\u00f3nico.<\/p>\n\n\n\n<p>\u00bfC\u00f3mo utilizamos su informaci\u00f3n personal?<\/p>\n\n\n\n<p>La informaci\u00f3n personal que recolectamos ser\u00e1 utilizada para:<\/p>\n\n\n\n<p>1) Informar y promocionar servicios, productos o eventos, incluyendo env\u00edo de publicidad y boletines informativos sobre Alianza Importers, de cualquiera de las empresas pertenecientes a su mismo grupo y de promotores o anunciantes relacionados con \u00e9stos;&nbsp;<\/p>\n\n\n\n<p>2) Evaluaciones de calidad y servicio, auditor\u00edas, an\u00e1lisis e investigaci\u00f3n para el desarrollo y mejoramiento del servicio, productos, contenidos, comunicaciones y publicidad.&nbsp;<\/p>\n\n\n\n<p>3) Atender sus solicitudes o comentarios.<\/p>\n\n\n\n<p>Informaci\u00f3n en l\u00ednea y recopilaci\u00f3n de datos.&nbsp;<\/p>\n\n\n\n<p>Puede visitarnos en Internet sin necesidad de identificarse o revelar informaci\u00f3n personal, inclusive su direcci\u00f3n de correo electr\u00f3nico. Podemos seleccionar compa\u00f1\u00edas externas que prestan servicios en representaci\u00f3n de y utilizan esta informaci\u00f3n para registrar el n\u00famero de visitas, el tiempo promedio de visita, las p\u00e1ginas visitadas y otros datos estad\u00edsticos sobre quienes ingresan a nuestro sitio Web en general. Tambi\u00e9n podemos utilizar estos datos para seguir el rendimiento  del sitio y facilitar su uso.<\/p>\n\n\n\n<p>Podemos recopilar las estad\u00edsticas reunidas sobre nuestros clientes, ventas, patrones de tr\u00e1fico y servicios y entregarlas a terceros. Sin embargo, cuando revelamos estas estad\u00edsticas a terceros, no incluimos datos personales de identificaci\u00f3n, a menos que hubiera acordado recibir informaci\u00f3n personalizada. Adem\u00e1s, en alguna porci\u00f3n de nuestro sitio Web usted podr\u00eda enviarnos informaci\u00f3n personal para fines espec\u00edficos, tales como contactarnos y dejarnos sus solicitudes, comentarios y sugerencias. La informaci\u00f3n recopilada sobre usted puede incluir su nombre, domicilio, tel\u00e9fono y direcci\u00f3n de correo electr\u00f3nico.<\/p>\n\n\n\n<p>Cookies.&nbsp;<\/p>\n\n\n\n<p>El sitio Web, los servicios online, los mensajes de correo electr\u00f3nico y la publicidad  pueden utilizar \u201ccookies\u201d y otras tecnolog\u00edas, tales como etiquetas de p\u00edxel y contador de visitas.<\/p>\n\n\n\n<p>Los cookies son peque\u00f1os grupos de datos (los \u201ccookies\u201d), almacenados por su buscador de Internet en el disco duro de su unidad central de procesos (\u201cCPU\u201d). Al igual que miles de otros sitios Web, utilizamos los cookies para mejorar su experiencia de visualizaci\u00f3n y medir el uso del sitio Web. Con la ayuda de los cookies, podemos presentarle ofertas personalizadas o contenidos de su inter\u00e9s. Tambi\u00e9n podemos utilizar los cookies para reconocerle en las siguientes visitas o recordar su nombre de usuario para que no necesite volver a insertarlo cada vez que visita nuestro sitio. Puede configurar su buscador para que le notifique cuando recibe un cookie o impedir el env\u00edo de los mismos.<\/p>\n\n\n\n<p>Sin embargo, debe tener en cuenta que al no aceptar cookies puede limitar la funcionalidad que le ofrecemos al visitar nuestro sitio.&nbsp;<\/p>\n\n\n\n<p>Toda la informaci\u00f3n recopilada mediante cookies y otras tecnolog\u00edas es tratada como informaci\u00f3n general. Sin embargo, en la medida en que la legislaci\u00f3n local considere a las direcciones IP (protocolo de Internet) o a identificadores similares como informaci\u00f3n personal, tambi\u00e9n lo haremos nosotros. De igual manera, en la medida en que la informaci\u00f3n general se combine con datos personales, trataremos a la informaci\u00f3n as\u00ed combinada como informaci\u00f3n personal a los efectos del Aviso de Privacidad.<\/p>\n\n\n\n<p>Como sucede con la mayor\u00eda de las p\u00e1ginas web, la informaci\u00f3n se recopila autom\u00e1ticamente y se almacena en archivos de registro. Esta informaci\u00f3n incluye direcciones IP (Protocolo de Internet), tipo e idioma del navegador, proveedor de servicios de Internet (ISP), p\u00e1ginas de origen y destino, sistema operativo, hora y fecha de visita, y datos de navegaci\u00f3n por la p\u00e1gina.<\/p>\n\n\n\n<p>Esta informaci\u00f3n se utiliza para analizar tendencias, administrar la p\u00e1gina, conocer la conducta del usuario en la p\u00e1gina, servicios de marketing y publicidad y recopilar informaci\u00f3n de car\u00e1cter demogr\u00e1fico acerca de nuestra base de usuarios en conjunto.<\/p>\n\n\n\n<p>Comunicaciones por correo electr\u00f3nico.&nbsp;<\/p>\n\n\n\n<p>Ocasionalmente, podemos enviarle correos electr\u00f3nicos con informaci\u00f3n que podr\u00eda resultar \u00fatil, inclusive informaci\u00f3n sobre nuestros productos y servicios u ofertas de otras compa\u00f1\u00edas afiliadas o de terceros. Podr\u00e1 optar por no recibir estos mensajes electr\u00f3nicos si as\u00ed lo desea.&nbsp;<\/p>\n\n\n\n<p>Encriptaci\u00f3n.&nbsp;<\/p>\n\n\n\n<p>Utilizamos herramientas de encriptaci\u00f3n y autenticaci\u00f3n para proteger la informaci\u00f3n que reunimos en nuestro sitio Web. Sin embargo, es posible que los correos electr\u00f3nicos fuera de nuestro sitio Web, no se encuentren protegidos.&nbsp;&nbsp;<\/p>\n\n\n\n<p>Visitantes&nbsp;<\/p>\n\n\n\n<p>Cuando visita nuestro sitio Web puede acceder a ciertas funciones sin necesidad de revelar su identidad u otra informaci\u00f3n personal. No reuniremos ning\u00fan dato sobre usted cuando utilice estas funciones. A fin de acceder y utilizar otras funciones, es posible que podamos recopilar informaci\u00f3n personal, tales como el apartado de \u201cContacto\u201d.<\/p>\n\n\n\n<p>Informaci\u00f3n que podemos revelar y destinatarios de la misma&nbsp;<\/p>\n\n\n\n<p>Podemos revelar la informaci\u00f3n reunida a otras personas f\u00edsicas y morales tal como se menciona m\u00e1s adelante. Estas personas est\u00e1n obligadas a utilizar dicha informaci\u00f3n exclusivamente para los fines estipulados. La informaci\u00f3n puede revelarse de la siguiente manera:&nbsp;<\/p>\n\n\n\n<p>Disclosure of information to service providers.&nbsp;<\/p>\n\n\n\n<p>Revelaci\u00f3n de informaci\u00f3n a proveedores de servicios&nbsp;<\/p>\n\n\n\n<p>Podemos revelar informaci\u00f3n personal recopilada a terceros, tales como prestadores de servicios relacionados con los servicios contratados por usted. \n\nEn todos los casos, requerimos a los proveedores de servicios a quienes revelamos informaci\u00f3n personal que cumplan con nuestra Pol\u00edtica de Privacidad y utilicen la informaci\u00f3n solamente para los fines para los que han sido contratados. Revelamos informaci\u00f3n personal a estos proveedores con el fin de  brindarle un mejor servicio.&nbsp;<\/p>\n\n\n\n<p>Revelaci\u00f3n de informaci\u00f3n a otras compa\u00f1\u00edas afiliadas&nbsp;<\/p>\n\n\n\n<p>Podemos revelar datos de identificaci\u00f3n tales como nombre, domicilio, n\u00famero de tel\u00e9fono e informaci\u00f3n sobre operaciones a otras compa\u00f1\u00edas afiliadas o subsidiarias, para los fines anteriormente expuestos.&nbsp;<\/p>\n\n\n\n<p>Revelaci\u00f3n de otra informaci\u00f3n permitida por ley&nbsp;<\/p>\n\n\n\n<p>Es posible que deba divulgar su informaci\u00f3n personal en virtud de una ley, procedimiento judicial, administrativo, acci\u00f3n legal, y\/o solicitados por autoridades dentro o fuera del pa\u00eds de residencia. Tambi\u00e9n es posible que divulgue la informaci\u00f3n si considera que por razones de seguridad nacional, cumplimiento de las leyes, u otras cuestiones de importancia nacional, dicha divulgaci\u00f3n es necesaria o conveniente.<\/p>\n\n\n\n<p>Prohibici\u00f3n de revelar informaci\u00f3n para otros fines&nbsp;<\/p>\n\n\n\n<p>No compartiremos su informaci\u00f3n personal con compa\u00f1\u00edas externas para fines que no sean los descritos anteriormente. Por ejemplo, no venderemos informaci\u00f3n personal a compa\u00f1\u00edas externas que deseen ofrecer sus productos y servicios.&nbsp;<\/p>\n\n\n\n<p>Protecci\u00f3n de la Informaci\u00f3n Personal<\/p>\n\n\n\n<p>Alianza Importers toma precauciones administrativas, t\u00e9cnicas o f\u00edsicas  para resguardar su informaci\u00f3n personal de p\u00e9rdidas, robos, o usos indebidos as\u00ed como del acceso, la divulgaci\u00f3n, modificaci\u00f3n o destrucci\u00f3n no autorizados.<\/p>\n\n\n\n<p>Seguridad de la informaci\u00f3n recopilada&nbsp;<\/p>\n\n\n\n<p>Mantenemos estrictas medidas aplicables a fin de proteger su informaci\u00f3n personal contra acceso no autorizado o indebido. El acceso a la informaci\u00f3n personal est\u00e1 restringido a los empleados y proveedores de servicios que deban conocer la misma con fines comerciales leg\u00edtimos. Los empleados y proveedores de servicios que incumplan nuestro Aviso de Privacidad estar\u00e1n sujetos a las medidas disciplinarias y\/o sanciones correspondientes.&nbsp;<\/p>\n\n\n\n<p>Revocaci\u00f3n del Consentimiento y Ejercicio de los Derechos ARCO<\/p>\n\n\n\n<p>The owner of the information or his legal representative must request in writing to the data controller the revocation of consent for the processing of personal data and\/or the exercise of the rights of Access, Rectification, Cancellation and Opposition, under the terms of Chapter IV of the Federal Law on Protection of Personal Data Held by Private Parties to the following email: <span \n                data-original-string='1tMKNQkaNgF9\/KHCEz\/YQw==118F2ez9Af9QEU3pp359F0u1d7qaZI7NFGu07jwo+AyXQg='\n                class='apbct-email-encoder'\n                title='This contact has been encoded by Anti-Spam by CleanTalk. Click to decode. To finish the decoding make sure that JavaScript is enabled in your browser.'>in<span class=\"apbct-blur\">**<\/span>@<span class=\"apbct-blur\">**************<\/span>rs.com<\/span>&nbsp;<\/p>\n\n\n\n<p>Limitaci\u00f3n y\/o Divulgaci\u00f3n de sus datos&nbsp;<\/p>\n\n\n\n<p>You may limit the use or disclosure of your personal data by sending your request to the following email: <span \n                data-original-string='Xsy8RAEiMNgmiZ9a3yryeg==1189BclaAO4IfV2dOFcZi0s8a97ELEC4FMxq5wbJ+PgVpk='\n                class='apbct-email-encoder'\n                title='This contact has been encoded by Anti-Spam by CleanTalk. Click to decode. To finish the decoding make sure that JavaScript is enabled in your browser.'>in<span class=\"apbct-blur\">**<\/span>@<span class=\"apbct-blur\">**************<\/span>rs.com<\/span>&nbsp;<\/p>\n\n\n\n<p>Integridad y Conservaci\u00f3n de Informaci\u00f3n Personal<\/p>\n\n\n\n<p>Alianza Importers le garantiza la conservaci\u00f3n de informaci\u00f3n personal de una forma precisa, completa y actualizada. La informaci\u00f3n personal se conservar\u00e1 por el per\u00edodo que sea necesario para cumplir con los fines establecidos en el presente Aviso de Privacidad, excepto que por ley se requiera o autorice un per\u00edodo de conservaci\u00f3n superior.<\/p>\n\n\n\n<p>Comun\u00edquese con nosotros&nbsp;<\/p>\n\n\n\n<p>If you have any questions about this Privacy Notice, please contact us at <span \n                data-original-string='6izM5caTnUsSX645AVJmzg==118RJzTBw904dvlLc0Uh\/GNE6wwup5PleghUZFosumEjjM='\n                class='apbct-email-encoder'\n                title='This contact has been encoded by Anti-Spam by CleanTalk. Click to decode. To finish the decoding make sure that JavaScript is enabled in your browser.'>in<span class=\"apbct-blur\">**<\/span>@<span class=\"apbct-blur\">**************<\/span>rs.com<\/span>. We welcome your questions and suggestions about our privacy policy.&nbsp;<\/p>\n\n\n\n<p>Cambios al presente Aviso de privacidad&nbsp;<\/p>\n\n\n\n<p>Las modificaciones al presente aviso estar\u00e1n a su disposici\u00f3n en la p\u00e1gina web.  Recomendamos verificar este Aviso de Privacidad en forma peri\u00f3dica para mantenerse informado de cualquier cambio. Aunque nos reservamos el derecho a modificar o complementar este Aviso de privacidad, cualquier cambio significativo ser\u00e1 informado en nuestro sitio Web.<\/p>\n\n\n\n<p>Al no oponerse activamente a los t\u00e9rminos de este Aviso de Privacidad presta su consentimiento a la distribuci\u00f3n de informaci\u00f3n personal o los informes de consumo seg\u00fan lo descrito anteriormente.<\/p>","protected":false},"excerpt":{"rendered":"<p>Alianza Importers, domiciled at 84 NE 410 Loop Suite 291 San Antonio, TX 78216, and in accordance with the provisions of Article 6, letter A, sections II and III of the Political Constitution of the United Mexican States, recognizes and privileges the privacy and confidentiality of any information either temporarily or permanently, including any data [&hellip;]<\/p>","protected":false},"author":204035,"featured_media":0,"parent":0,"menu_order":0,"comment_status":"closed","ping_status":"closed","template":"","meta":{"footnotes":""},"class_list":["post-3","page","type-page","status-publish","hentry"],"_links":{"self":[{"href":"https:\/\/alianzaimporters.com\/es\/wp-json\/wp\/v2\/pages\/3","targetHints":{"allow":["GET"]}}],"collection":[{"href":"https:\/\/alianzaimporters.com\/es\/wp-json\/wp\/v2\/pages"}],"about":[{"href":"https:\/\/alianzaimporters.com\/es\/wp-json\/wp\/v2\/types\/page"}],"author":[{"embeddable":true,"href":"https:\/\/alianzaimporters.com\/es\/wp-json\/wp\/v2\/users\/204035"}],"replies":[{"embeddable":true,"href":"https:\/\/alianzaimporters.com\/es\/wp-json\/wp\/v2\/comments?post=3"}],"version-history":[{"count":0,"href":"https:\/\/alianzaimporters.com\/es\/wp-json\/wp\/v2\/pages\/3\/revisions"}],"wp:attachment":[{"href":"https:\/\/alianzaimporters.com\/es\/wp-json\/wp\/v2\/media?parent=3"}],"curies":[{"name":"wp","href":"https:\/\/api.w.org\/{rel}","templated":true}]}}